{"id":21,"date":"2019-04-05T09:24:48","date_gmt":"2019-04-05T09:24:48","guid":{"rendered":"http:\/\/quanticalabs.com\/wp_themes4\/autoride\/?page_id=21"},"modified":"2026-05-04T16:26:48","modified_gmt":"2026-05-04T20:26:48","slug":"chauffeur-services-montreal","status":"publish","type":"page","link":"https:\/\/royalride.ca\/fr\/chauffeur-services-montreal\/","title":{"rendered":"Nos Services"},"content":{"rendered":"<div class=\"wpb-content-wrapper\"><div class=\"vc_row wpb_row vc_row-fluid theme-padding-top-0 theme-padding-bottom-60\"><div class=\"wpb_column vc_column_container vc_col-sm-6\"><div class=\"vc_column-inner\"><div class=\"wpb_wrapper\"><h3 style=\"text-align: left\" class=\"vc_custom_heading vc_do_custom_heading\" >Services de Chauffeur Royal Ride Montr\u00e9al<\/h3>\n\t<div class=\"wpb_text_column wpb_content_element\" >\n\t\t<div class=\"wpb_wrapper\">\n\t\t\t<p data-start=\"313\" data-end=\"635\">Royal Ride Montr\u00e9al offre un service de transport premium avec chauffeur, con\u00e7u pour les clients qui exigent fiabilit\u00e9, confort et professionnalisme. Notre service vise \u00e0 offrir une exp\u00e9rience de voyage fluide pour les transferts a\u00e9roportuaires, les voyages d'affaires, les \u00e9v\u00e9nements sp\u00e9ciaux et les transports priv\u00e9s dans tout Montr\u00e9al et ses environs.<\/p>\n<p data-start=\"637\" data-end=\"829\">Avec nos v\u00e9hicules de luxe et nos chauffeurs professionnels, chaque trajet est planifi\u00e9 avec soin pour garantir des arriv\u00e9es ponctuelles, des d\u00e9placements fluides et le plus haut niveau de satisfaction de la client\u00e8le.<\/p>\n\n\t\t<\/div>\n\t<\/div>\n<\/div><\/div><\/div><div class=\"wpb_column vc_column_container vc_col-sm-6\"><div class=\"vc_column-inner\"><div class=\"wpb_wrapper\">\n            <div class=\"theme-component-blockquote theme-component-blockquote-style-2\">\n                <span class=\"theme-icon-meta-quote\"><\/span>\n                <blockquote>\u00ab Le transport de luxe est bien plus qu'un simple trajet \u2014 c'est une question de fiabilit\u00e9, de confort et de confiance. Chez Royal Ride Montr\u00e9al, nous nous engageons \u00e0 offrir une exp\u00e9rience de chauffeur exceptionnelle pour chaque voyage. \u00bb<\/blockquote>\n                <div>Montr\u00e9al Royal Ride<\/div>\n            <\/div>\n        <\/div><\/div><\/div><\/div><div data-vc-full-width=\"true\" data-vc-full-width-temp=\"true\" data-vc-full-width-init=\"false\" class=\"vc_row wpb_row vc_row-fluid theme-section-background-image-fixed vc_custom_1773812025650 vc_row-has-fill\"><div class=\"theme-column-style-2 theme-padding-bottom-60 wpb_column vc_column_container vc_col-sm-12\"><div class=\"vc_column-inner\"><div class=\"wpb_wrapper\">\r\n            <p class=\"theme-component-paragraph-large theme-component-paragraph-large-style-2 aligncenter theme-section-white theme-padding-bottom-80\">\r\n                Services de Chauffeur de Luxe \u00e0 Montr\u00e9al<br \/>\nUn transport premium adapt\u00e9 \u00e0 vos besoins de voyage.\r\n            <\/p>\r\n        \r\n            <div class=\"theme-component-feature-carousel\">\r\n                <ul class=\"theme-reset-list\">\r\n                    \r\n            <li>\r\n                <div>\r\n                    <span><span class=\"theme-icon-feature-airplane\"><\/span><\/span>\r\n                    <h5><a href=\"https:\/\/royalride.ca\/fr\/airport-transfer-montreal\/\">TRANSFERT A\u00c9ROPORTUAIRE<\/a><\/h5>\r\n                <\/div>\r\n            <\/li>\r\n        \r\n            <li>\r\n                <div>\r\n                    <span><span class=\"theme-icon-feature-colosseum\"><\/span><\/span>\r\n                    <h5><a href=\"https:\/\/royalride.ca\/fr\/corporate-chauffeur-montreal\/\">VOYAGE D'AFFAIRES<\/a><\/h5>\r\n                <\/div>\r\n            <\/li>\r\n        \r\n            <li>\r\n                <div>\r\n                    <span><span class=\"theme-icon-feature-vip\"><\/span><\/span>\r\n                    <h5><a href=\"https:\/\/royalride.ca\/fr\/special-events\/\">\u00c9V\u00c9NEMENTS SP\u00c9CIAUX<\/a><\/h5>\r\n                <\/div>\r\n            <\/li>\r\n        \r\n                <\/ul>\r\n            <\/div>\r\n        <\/div><\/div><\/div><\/div><div class=\"vc_row-full-width vc_clearfix\"><\/div>\n<\/div>","protected":false},"excerpt":{"rendered":"Royal Ride Montreal Chauffeur Services Royal Ride Montreal provides premium chauffeur transportation designed for clients who expect reliability, comfort, and professionalism. Our service focuses on delivering a seamless travel experience for airport transfers, corporate travel, special events, and private transportation across Montreal and surrounding areas. With our luxury vehicles and professional chauffeurs, every journey is [...]","protected":false},"author":1,"featured_media":0,"parent":0,"menu_order":0,"comment_status":"closed","ping_status":"closed","template":"","meta":{"footnotes":""},"class_list":["post-21","page","type-page","status-publish","hentry"],"yoast_head":"<!-- This site is optimized with the Yoast SEO plugin v27.2 - https:\/\/yoast.com\/product\/yoast-seo-wordpress\/ -->\n<title>Chauffeur &amp; Airport Transfer Service Montreal | Royal Ride<\/title>\n<meta name=\"description\" content=\"Professional chauffeur and airport transfer service in Montreal. Luxury vehicles, on-time guaranteed. Book your ride online.\" \/>\n<meta name=\"robots\" content=\"index, follow, max-snippet:-1, max-image-preview:large, max-video-preview:-1\" \/>\n<link rel=\"canonical\" href=\"https:\/\/royalride.ca\/fr\/chauffeur-services-montreal\/\" \/>\n<meta property=\"og:locale\" content=\"fr_CA\" \/>\n<meta property=\"og:type\" content=\"article\" \/>\n<meta property=\"og:title\" content=\"Chauffeur &amp; Airport Transfer Service Montreal | Royal Ride\" \/>\n<meta property=\"og:description\" content=\"Professional chauffeur and airport transfer service in Montreal. Luxury vehicles, on-time guaranteed. Book your ride online.\" \/>\n<meta property=\"og:url\" content=\"https:\/\/royalride.ca\/fr\/chauffeur-services-montreal\/\" \/>\n<meta property=\"og:site_name\" content=\"Royal Ride Montreal\" \/>\n<meta property=\"article:publisher\" content=\"https:\/\/www.facebook.com\/profile.php?id=61582041656891\" \/>\n<meta property=\"article:modified_time\" content=\"2026-05-04T20:26:48+00:00\" \/>\n<meta name=\"twitter:card\" content=\"summary_large_image\" \/>\n<meta name=\"twitter:label1\" content=\"Estimation du temps de lecture\" \/>\n\t<meta name=\"twitter:data1\" content=\"1 minute\" \/>\n<script type=\"application\/ld+json\" class=\"yoast-schema-graph\">{\"@context\":\"https:\/\/schema.org\",\"@graph\":[{\"@type\":\"WebPage\",\"@id\":\"https:\/\/royalride.ca\/chauffeur-services-montreal\/\",\"url\":\"https:\/\/royalride.ca\/chauffeur-services-montreal\/\",\"name\":\"Chauffeur & Airport Transfer Service Montreal | Royal Ride\",\"isPartOf\":{\"@id\":\"https:\/\/royalride.ca\/#website\"},\"datePublished\":\"2019-04-05T09:24:48+00:00\",\"dateModified\":\"2026-05-04T20:26:48+00:00\",\"description\":\"Professional chauffeur and airport transfer service in Montreal. Luxury vehicles, on-time guaranteed. Book your ride online.\",\"breadcrumb\":{\"@id\":\"https:\/\/royalride.ca\/chauffeur-services-montreal\/#breadcrumb\"},\"inLanguage\":\"fr-CA\",\"potentialAction\":[{\"@type\":\"ReadAction\",\"target\":[\"https:\/\/royalride.ca\/chauffeur-services-montreal\/\"]}]},{\"@type\":\"BreadcrumbList\",\"@id\":\"https:\/\/royalride.ca\/chauffeur-services-montreal\/#breadcrumb\",\"itemListElement\":[{\"@type\":\"ListItem\",\"position\":1,\"name\":\"Home\",\"item\":\"https:\/\/royalride.ca\/\"},{\"@type\":\"ListItem\",\"position\":2,\"name\":\"Our Services\"}]},{\"@type\":\"WebSite\",\"@id\":\"https:\/\/royalride.ca\/#website\",\"url\":\"https:\/\/royalride.ca\/\",\"name\":\"Royal Ride Montreal\",\"description\":\"Premium Black SUV Chauffeur Service in Montreal\",\"publisher\":{\"@id\":\"https:\/\/royalride.ca\/#organization\"},\"potentialAction\":[{\"@type\":\"SearchAction\",\"target\":{\"@type\":\"EntryPoint\",\"urlTemplate\":\"https:\/\/royalride.ca\/?s={search_term_string}\"},\"query-input\":{\"@type\":\"PropertyValueSpecification\",\"valueRequired\":true,\"valueName\":\"search_term_string\"}}],\"inLanguage\":\"fr-CA\"},{\"@type\":\"Organization\",\"@id\":\"https:\/\/royalride.ca\/#organization\",\"name\":\"Royal Ride Montreal\",\"url\":\"https:\/\/royalride.ca\/\",\"logo\":{\"@type\":\"ImageObject\",\"inLanguage\":\"fr-CA\",\"@id\":\"https:\/\/royalride.ca\/#\/schema\/logo\/image\/\",\"url\":\"https:\/\/royalride.ca\/wp-content\/uploads\/2022\/11\/Logo-Gris-transparent-1024x683.png\",\"contentUrl\":\"https:\/\/royalride.ca\/wp-content\/uploads\/2022\/11\/Logo-Gris-transparent-1024x683.png\",\"width\":1024,\"height\":683,\"caption\":\"Royal Ride Montreal\"},\"image\":{\"@id\":\"https:\/\/royalride.ca\/#\/schema\/logo\/image\/\"},\"sameAs\":[\"https:\/\/www.facebook.com\/profile.php?id=61582041656891\",\"https:\/\/www.linkedin.com\/company\/111900087\/admin\/dashboard\/\",\"https:\/\/www.instagram.com\/royalride.ca\/\"]}]}<\/script>\n<!-- \/ Yoast SEO plugin. -->","yoast_head_json":{"title":"Chauffeur & Airport Transfer Service Montreal | Royal Ride","description":"Professional chauffeur and airport transfer service in Montreal. Luxury vehicles, on-time guaranteed. Book your ride online.","robots":{"index":"index","follow":"follow","max-snippet":"max-snippet:-1","max-image-preview":"max-image-preview:large","max-video-preview":"max-video-preview:-1"},"canonical":"https:\/\/royalride.ca\/fr\/chauffeur-services-montreal\/","og_locale":"fr_CA","og_type":"article","og_title":"Chauffeur & Airport Transfer Service Montreal | Royal Ride","og_description":"Professional chauffeur and airport transfer service in Montreal. Luxury vehicles, on-time guaranteed. Book your ride online.","og_url":"https:\/\/royalride.ca\/fr\/chauffeur-services-montreal\/","og_site_name":"Royal Ride Montreal","article_publisher":"https:\/\/www.facebook.com\/profile.php?id=61582041656891","article_modified_time":"2026-05-04T20:26:48+00:00","twitter_card":"summary_large_image","twitter_misc":{"Estimation du temps de lecture":"1 minute"},"schema":{"@context":"https:\/\/schema.org","@graph":[{"@type":"WebPage","@id":"https:\/\/royalride.ca\/chauffeur-services-montreal\/","url":"https:\/\/royalride.ca\/chauffeur-services-montreal\/","name":"Chauffeur & Airport Transfer Service Montreal | Royal Ride","isPartOf":{"@id":"https:\/\/royalride.ca\/#website"},"datePublished":"2019-04-05T09:24:48+00:00","dateModified":"2026-05-04T20:26:48+00:00","description":"Professional chauffeur and airport transfer service in Montreal. Luxury vehicles, on-time guaranteed. Book your ride online.","breadcrumb":{"@id":"https:\/\/royalride.ca\/chauffeur-services-montreal\/#breadcrumb"},"inLanguage":"fr-CA","potentialAction":[{"@type":"ReadAction","target":["https:\/\/royalride.ca\/chauffeur-services-montreal\/"]}]},{"@type":"BreadcrumbList","@id":"https:\/\/royalride.ca\/chauffeur-services-montreal\/#breadcrumb","itemListElement":[{"@type":"ListItem","position":1,"name":"Home","item":"https:\/\/royalride.ca\/"},{"@type":"ListItem","position":2,"name":"Our Services"}]},{"@type":"WebSite","@id":"https:\/\/royalride.ca\/#website","url":"https:\/\/royalride.ca\/","name":"Montr\u00e9al Royal Ride","description":"Premium Black SUV Chauffeur Service in Montreal","publisher":{"@id":"https:\/\/royalride.ca\/#organization"},"potentialAction":[{"@type":"SearchAction","target":{"@type":"EntryPoint","urlTemplate":"https:\/\/royalride.ca\/?s={search_term_string}"},"query-input":{"@type":"PropertyValueSpecification","valueRequired":true,"valueName":"search_term_string"}}],"inLanguage":"fr-CA"},{"@type":"Organization","@id":"https:\/\/royalride.ca\/#organization","name":"Montr\u00e9al Royal Ride","url":"https:\/\/royalride.ca\/","logo":{"@type":"ImageObject","inLanguage":"fr-CA","@id":"https:\/\/royalride.ca\/#\/schema\/logo\/image\/","url":"https:\/\/royalride.ca\/wp-content\/uploads\/2022\/11\/Logo-Gris-transparent-1024x683.png","contentUrl":"https:\/\/royalride.ca\/wp-content\/uploads\/2022\/11\/Logo-Gris-transparent-1024x683.png","width":1024,"height":683,"caption":"Royal Ride Montreal"},"image":{"@id":"https:\/\/royalride.ca\/#\/schema\/logo\/image\/"},"sameAs":["https:\/\/www.facebook.com\/profile.php?id=61582041656891","https:\/\/www.linkedin.com\/company\/111900087\/admin\/dashboard\/","https:\/\/www.instagram.com\/royalride.ca\/"]}]}},"_links":{"self":[{"href":"https:\/\/royalride.ca\/fr\/wp-json\/wp\/v2\/pages\/21","targetHints":{"allow":["GET"]}}],"collection":[{"href":"https:\/\/royalride.ca\/fr\/wp-json\/wp\/v2\/pages"}],"about":[{"href":"https:\/\/royalride.ca\/fr\/wp-json\/wp\/v2\/types\/page"}],"author":[{"embeddable":true,"href":"https:\/\/royalride.ca\/fr\/wp-json\/wp\/v2\/users\/1"}],"replies":[{"embeddable":true,"href":"https:\/\/royalride.ca\/fr\/wp-json\/wp\/v2\/comments?post=21"}],"version-history":[{"count":15,"href":"https:\/\/royalride.ca\/fr\/wp-json\/wp\/v2\/pages\/21\/revisions"}],"predecessor-version":[{"id":24322,"href":"https:\/\/royalride.ca\/fr\/wp-json\/wp\/v2\/pages\/21\/revisions\/24322"}],"wp:attachment":[{"href":"https:\/\/royalride.ca\/fr\/wp-json\/wp\/v2\/media?parent=21"}],"curies":[{"name":"wp","href":"https:\/\/api.w.org\/{rel}","templated":true}]}}